{"id":85,"date":"2025-05-22T14:55:37","date_gmt":"2025-05-22T14:55:37","guid":{"rendered":"https:\/\/www.mountainbiking.sk\/?page_id=85"},"modified":"2026-03-06T09:11:27","modified_gmt":"2026-03-06T07:11:27","slug":"about-us-new","status":"publish","type":"page","link":"http:\/\/www.mountainbiking.sk\/sk\/","title":{"rendered":"Domov"},"content":{"rendered":"<p>[et_pb_section fb_built=&#8221;1&#8243; inner_shadow=&#8221;on&#8221; admin_label=&#8221;About us&#8221; module_id=&#8221;scroll-target&#8221; _builder_version=&#8221;4.27.4&#8243; _module_preset=&#8221;default&#8221; background_color=&#8221;#FFFFFF&#8221; background_image=&#8221;https:\/\/www.mountainbiking.sk\/wp-content\/uploads\/2025\/05\/01-scaled.jpg&#8221; parallax=&#8221;on&#8221; custom_margin=&#8221;-1px||||false|false&#8221; custom_padding=&#8221;0px||0px|||&#8221; top_divider_style=&#8221;ramp2&#8243; top_divider_color=&#8221;#223E52&#8243; top_divider_flip=&#8221;vertical&#8221; bottom_divider_style=&#8221;slant2&#8243; bottom_divider_color=&#8221;#223E52&#8243; bottom_divider_height=&#8221;50px&#8221; bottom_divider_flip=&#8221;horizontal&#8221; scroll_vertical_motion=&#8221;0|18|46|100|0|0|-4&#8243; collapsed=&#8221;off&#8221; global_colors_info=&#8221;{}&#8221;][et_pb_row _builder_version=&#8221;4.27.4&#8243; _module_preset=&#8221;default&#8221; module_alignment=&#8221;center&#8221; custom_margin=&#8221;||-11px||false|false&#8221; custom_padding=&#8221;||0px||false|false&#8221; global_colors_info=&#8221;{}&#8221;][et_pb_column type=&#8221;4_4&#8243; _builder_version=&#8221;4.27.4&#8243; _module_preset=&#8221;default&#8221; global_colors_info=&#8221;{}&#8221;][et_pb_heading title=&#8221;About us &#8211; Mountainbiking.sk&#8221; _builder_version=&#8221;4.27.5&#8243; _module_preset=&#8221;default&#8221; title_font=&#8221;&#8211;et_global_heading_font|500|||||||&#8221; title_text_align=&#8221;center&#8221; title_text_color=&#8221;#FFFFFF&#8221; title_font_size=&#8221;40px&#8221; custom_margin=&#8221;20px||||false|false&#8221; animation_style=&#8221;bounce&#8221; animation_duration=&#8221;800ms&#8221; animation_delay=&#8221;100ms&#8221; title_text_shadow_style=&#8221;preset3&#8243; title_text_shadow_color=&#8221;#223E52&#8243; global_colors_info=&#8221;{}&#8221;][\/et_pb_heading][et_pb_text _builder_version=&#8221;4.27.5&#8243; _module_preset=&#8221;default&#8221; text_text_color=&#8221;#223E52&#8243; text_font_size=&#8221;16px&#8221; header_text_color=&#8221;#223E52&#8243; background_color=&#8221;#FFFFFF&#8221; text_orientation=&#8221;center&#8221; width=&#8221;100%&#8221; module_alignment=&#8221;center&#8221; custom_margin=&#8221;0px|0px|||false|false&#8221; custom_padding=&#8221;10px|10px|10px|10px|false|false&#8221; animation_style=&#8221;bounce&#8221; animation_duration=&#8221;800ms&#8221; animation_delay=&#8221;100ms&#8221; border_radii=&#8221;on|10px|10px|10px|10px&#8221; border_width_all=&#8221;1px&#8221; border_color_all=&#8221;#223E52&#8243; box_shadow_style=&#8221;preset1&#8243; box_shadow_blur=&#8221;16px&#8221; box_shadow_color=&#8221;#223E52&#8243; global_colors_info=&#8221;{}&#8221;]<\/p>\n<p style=\"text-align: center;\">We are a <strong>travel agency<\/strong> with many years of experience, specializing in <strong>guided tours for cyclists \ud83d\udeb5\ud83c\udffc<\/strong>, mainly in the Spi\u0161 region, but also throughout Slovakia. We are located directly below the Tatra Mountains in Spi\u0161sk\u00e1 Bel\u00e1.<br \/>We are providing the best services in the area. Do not hesitate to contact us! Looking forward to your booking.<\/p>\n<p>[\/et_pb_text][\/et_pb_column][\/et_pb_row][et_pb_row _builder_version=&#8221;4.27.4&#8243; _module_preset=&#8221;default&#8221; global_colors_info=&#8221;{}&#8221;][et_pb_column type=&#8221;4_4&#8243; _builder_version=&#8221;4.27.4&#8243; _module_preset=&#8221;default&#8221; global_colors_info=&#8221;{}&#8221;][et_pb_toggle title=&#8221;What we offer?&#8221; open=&#8221;on&#8221; open_toggle_background_color=&#8221;#895C11&#8243; closed_toggle_background_color=&#8221;#895C11&#8243; _builder_version=&#8221;4.27.4&#8243; _module_preset=&#8221;default&#8221; width=&#8221;100%&#8221; module_alignment=&#8221;center&#8221; custom_margin=&#8221;7px||21px|||&#8221; animation_style=&#8221;bounce&#8221; animation_duration=&#8221;800ms&#8221; animation_delay=&#8221;200ms&#8221; border_color_all=&#8221;#223E52&#8243; box_shadow_style=&#8221;preset1&#8243; box_shadow_blur=&#8221;9px&#8221; box_shadow_color=&#8221;#223E52&#8243; global_colors_info=&#8221;{}&#8221;]<\/p>\n<ul>\n<li><strong>\ud83d\udeb5<\/strong>We specialize in <strong>XC trips <\/strong>, which we can tailor to your wishes. Whether you want to experience the hustle and bustle of the High Tatras or see their panorama from remote and deserted hills, we have a trip planned for you.<\/li>\n<li><strong>\ud83c\udfde\ufe0f<\/strong>Our portfolio also includes <strong>Allmountain \/ Enduro trips <\/strong>, which we definitely recommend if you want to experience the adrenaline rush of riding on singletracks. We recommend these trips to more experienced riders who have already ridden in more difficult terrain.<\/li>\n<li>\u2705If you are looking for a truly active vacation on mountain bikes under the Tatra Mountains, <strong>mountainbiking.sk<\/strong> is a great choice for you.<br \/>We will plan one-day or multi-day trips for you, just take your pick.<\/li>\n<li>\ud83d\ude4b\ud83c\udffcA group of guides led by head guide Martin (48) will take you to the most beautiful places in the region, recommend the best restaurants, and optimize the route according to your needs.<\/li>\n<li>\ud83d\udeb4Don&#8217;t have a bike? No problem. Not a biker? No problem. We have a solution for you\u2705.<br \/>We work with a bike and e-bike rental company with a wide range of brands, sizes, and categories.<\/li>\n<\/ul>\n<p>From bikers for bikers.<\/p>\n<p>[\/et_pb_toggle][et_pb_button button_url=&#8221;#more-about-us&#8221; button_text=&#8221;More about us&#8221; _builder_version=&#8221;4.27.4&#8243; _module_preset=&#8221;default&#8221; custom_button=&#8221;on&#8221; button_text_color=&#8221;#FFFFFF&#8221; button_bg_color=&#8221;RGBA(255,255,255,0)&#8221; button_border_color=&#8221;#FFFFFF&#8221; button_border_radius=&#8221;10px&#8221; button_font=&#8221;||||||||&#8221; button_icon=&#8221;&#x33;||divi||400&#8243; custom_margin=&#8221;0px||48px||false|false&#8221; custom_padding=&#8221;4px||||false|false&#8221; animation_style=&#8221;fade&#8221; box_shadow_style=&#8221;preset1&#8243; box_shadow_color=&#8221;#FFFFFF&#8221; global_colors_info=&#8221;{}&#8221;][\/et_pb_button][\/et_pb_column][\/et_pb_row][\/et_pb_section][et_pb_section fb_built=&#8221;1&#8243; _builder_version=&#8221;4.27.4&#8243; _module_preset=&#8221;default&#8221; background_color=&#8221;#223E52&#8243; background_image=&#8221;https:\/\/www.mountainbiking.sk\/wp-content\/uploads\/2025\/05\/09-scaled.jpg&#8221; parallax=&#8221;on&#8221; module_alignment=&#8221;center&#8221; custom_margin=&#8221;0px||||false|false&#8221; custom_padding=&#8221;34px||3px|||&#8221; top_divider_style=&#8221;arrow2&#8243; top_divider_color=&#8221;#223E52&#8243; top_divider_flip=&#8221;horizontal|vertical&#8221; bottom_divider_style=&#8221;arrow2&#8243; bottom_divider_color=&#8221;#223E52&#8243; scroll_vertical_motion=&#8221;0|31|53|77|1|0|-1&#8243; locked=&#8221;off&#8221; collapsed=&#8221;on&#8221; global_colors_info=&#8221;{}&#8221;][et_pb_row _builder_version=&#8221;4.27.4&#8243; _module_preset=&#8221;default&#8221; global_colors_info=&#8221;{}&#8221;][et_pb_column type=&#8221;4_4&#8243; _builder_version=&#8221;4.27.4&#8243; _module_preset=&#8221;default&#8221; global_colors_info=&#8221;{}&#8221;][et_pb_button button_url=&#8221;@ET-DC@eyJkeW5hbWljIjp0cnVlLCJjb250ZW50IjoicG9zdF9saW5rX3VybF9wYWdlIiwic2V0dGluZ3MiOnsicG9zdF9pZCI6Ijc3MiJ9fQ==@&#8221; button_text=&#8221;GUIDED TOURS&#8221; _builder_version=&#8221;4.27.4&#8243; _dynamic_attributes=&#8221;button_url&#8221; _module_preset=&#8221;default&#8221; custom_button=&#8221;on&#8221; button_text_size=&#8221;25px&#8221; button_text_color=&#8221;#FFFFFF&#8221; button_bg_color=&#8221;RGBA(255,255,255,0)&#8221; button_border_color=&#8221;#FFFFFF&#8221; button_border_radius=&#8221;10px&#8221; button_letter_spacing=&#8221;2px&#8221; button_font=&#8221;||||||||&#8221; button_icon=&#8221;&#xe04a;||divi||400&#8243; button_icon_color=&#8221;#FFFFFF&#8221; animation_style=&#8221;slide&#8221; animation_duration=&#8221;800ms&#8221; box_shadow_style=&#8221;preset1&#8243; box_shadow_blur=&#8221;8px&#8221; box_shadow_color=&#8221;#FFFFFF&#8221; global_colors_info=&#8221;{}&#8221;][\/et_pb_button][et_pb_button button_url=&#8221;@ET-DC@eyJkeW5hbWljIjp0cnVlLCJjb250ZW50IjoicG9zdF9saW5rX3VybF9wYWdlIiwic2V0dGluZ3MiOnsicG9zdF9pZCI6IjkwOCJ9fQ==@&#8221; button_text=&#8221;BOOK YOUR TOUR&#8221; _builder_version=&#8221;4.27.4&#8243; _dynamic_attributes=&#8221;button_url&#8221; _module_preset=&#8221;default&#8221; custom_button=&#8221;on&#8221; button_text_size=&#8221;25px&#8221; button_text_color=&#8221;#FFFFFF&#8221; button_bg_color=&#8221;RGBA(255,255,255,0)&#8221; button_border_color=&#8221;#FFFFFF&#8221; button_border_radius=&#8221;10px&#8221; button_letter_spacing=&#8221;2px&#8221; button_font=&#8221;||||||||&#8221; button_icon=&#8221;&#xe04a;||divi||400&#8243; button_icon_color=&#8221;#FFFFFF&#8221; animation_style=&#8221;slide&#8221; animation_duration=&#8221;800ms&#8221; box_shadow_style=&#8221;preset1&#8243; box_shadow_blur=&#8221;8px&#8221; box_shadow_color=&#8221;#FFFFFF&#8221; global_colors_info=&#8221;{}&#8221;][\/et_pb_button][et_pb_button button_url=&#8221;@ET-DC@eyJkeW5hbWljIjp0cnVlLCJjb250ZW50IjoicG9zdF9saW5rX3VybF9wYWdlIiwic2V0dGluZ3MiOnsicG9zdF9pZCI6IjU1MyJ9fQ==@&#8221; button_text=&#8221;GALLERY&#8221; _builder_version=&#8221;4.27.4&#8243; _dynamic_attributes=&#8221;button_url&#8221; _module_preset=&#8221;default&#8221; custom_button=&#8221;on&#8221; button_text_size=&#8221;25px&#8221; button_text_color=&#8221;#FFFFFF&#8221; button_bg_color=&#8221;RGBA(255,255,255,0)&#8221; button_border_color=&#8221;#FFFFFF&#8221; button_border_radius=&#8221;10px&#8221; button_letter_spacing=&#8221;2px&#8221; button_font=&#8221;||||||||&#8221; button_icon=&#8221;&#xe04a;||divi||400&#8243; button_icon_color=&#8221;#FFFFFF&#8221; animation_style=&#8221;slide&#8221; animation_duration=&#8221;800ms&#8221; box_shadow_style=&#8221;preset1&#8243; box_shadow_blur=&#8221;8px&#8221; box_shadow_color=&#8221;#FFFFFF&#8221; global_colors_info=&#8221;{}&#8221;][\/et_pb_button][et_pb_button button_url=&#8221;@ET-DC@eyJkeW5hbWljIjp0cnVlLCJjb250ZW50IjoicG9zdF9saW5rX3VybF9wYWdlIiwic2V0dGluZ3MiOnsicG9zdF9pZCI6Ijk2MCJ9fQ==@&#8221; button_text=&#8221;BIKE RENT&#8221; _builder_version=&#8221;4.27.4&#8243; _dynamic_attributes=&#8221;button_url&#8221; _module_preset=&#8221;default&#8221; custom_button=&#8221;on&#8221; button_text_size=&#8221;25px&#8221; button_text_color=&#8221;#FFFFFF&#8221; button_bg_color=&#8221;RGBA(255,255,255,0)&#8221; button_border_color=&#8221;#FFFFFF&#8221; button_border_radius=&#8221;10px&#8221; button_letter_spacing=&#8221;2px&#8221; button_font=&#8221;||||||||&#8221; button_icon=&#8221;&#xe04a;||divi||400&#8243; button_icon_color=&#8221;#FFFFFF&#8221; animation_style=&#8221;slide&#8221; animation_duration=&#8221;800ms&#8221; box_shadow_style=&#8221;preset1&#8243; box_shadow_blur=&#8221;8px&#8221; box_shadow_color=&#8221;#FFFFFF&#8221; global_colors_info=&#8221;{}&#8221;][\/et_pb_button][\/et_pb_column][\/et_pb_row][\/et_pb_section][et_pb_section fb_built=&#8221;1&#8243; module_id=&#8221;more-about-us&#8221; _builder_version=&#8221;4.27.4&#8243; _module_preset=&#8221;default&#8221; background_color=&#8221;#895C11&#8243; background_image=&#8221;https:\/\/www.mountainbiking.sk\/wp-content\/uploads\/2025\/05\/itinerar.png&#8221; custom_padding=&#8221;||2px|||&#8221; top_divider_style=&#8221;arrow2&#8243; top_divider_color=&#8221;#223E52&#8243; top_divider_style_tablet=&#8221;arrow2&#8243; top_divider_style_phone=&#8221;arrow2&#8243; top_divider_style_last_edited=&#8221;on|desktop&#8221; bottom_divider_style=&#8221;arrow&#8221; bottom_divider_color=&#8221;#223E52&#8243; bottom_divider_flip=&#8221;vertical&#8221; global_colors_info=&#8221;{}&#8221;][et_pb_row _builder_version=&#8221;4.27.5&#8243; _module_preset=&#8221;default&#8221; global_colors_info=&#8221;{}&#8221;][et_pb_column type=&#8221;4_4&#8243; _builder_version=&#8221;4.27.5&#8243; _module_preset=&#8221;default&#8221; global_colors_info=&#8221;{}&#8221;][et_pb_heading title=&#8221;Who we are?&#8221; _builder_version=&#8221;4.27.5&#8243; _module_preset=&#8221;default&#8221; title_font=&#8221;&#8211;et_global_heading_font|500|||||||&#8221; title_text_align=&#8221;center&#8221; title_text_color=&#8221;#FFFFFF&#8221; title_font_size=&#8221;40px&#8221; custom_margin=&#8221;20px||||false|false&#8221; animation_style=&#8221;bounce&#8221; animation_duration=&#8221;800ms&#8221; animation_delay=&#8221;100ms&#8221; title_text_shadow_style=&#8221;preset3&#8243; title_text_shadow_color=&#8221;#223E52&#8243; locked=&#8221;off&#8221; global_colors_info=&#8221;{}&#8221;][\/et_pb_heading][\/et_pb_column][\/et_pb_row][et_pb_row _builder_version=&#8221;4.27.4&#8243; _module_preset=&#8221;default&#8221; global_colors_info=&#8221;{}&#8221;][et_pb_column type=&#8221;4_4&#8243; _builder_version=&#8221;4.27.4&#8243; _module_preset=&#8221;default&#8221; global_colors_info=&#8221;{}&#8221;][et_pb_accordion open_toggle_background_color=&#8221;#223E52&#8243; closed_toggle_background_color=&#8221;#223E52&#8243; toggle_icon=&#8221;&#x3e;||divi||400&#8243; icon_color=&#8221;#FFFFFF&#8221; use_icon_font_size=&#8221;on&#8221; _builder_version=&#8221;4.27.5&#8243; _module_preset=&#8221;default&#8221; toggle_font_size=&#8221;16px&#8221; body_text_color=&#8221;#FFFFFF&#8221; animation_style=&#8221;bounce&#8221; animation_duration=&#8221;800ms&#8221; border_radii=&#8221;on|10px|10px|10px|10px&#8221; border_color_all=&#8221;#FFFFFF&#8221; box_shadow_style=&#8221;preset2&#8243; global_colors_info=&#8221;{}&#8221;][et_pb_accordion_item title=&#8221;Martin. The Boss.&#8221; open=&#8221;on&#8221; closed_toggle_text_color=&#8221;#FFFFFF&#8221; toggle_icon=&#8221;&#x3f;||divi||400&#8243; use_icon_font_size=&#8221;on&#8221; _builder_version=&#8221;4.27.5&#8243; _module_preset=&#8221;default&#8221; body_font_size=&#8221;16px&#8221; background_color=&#8221;#223E52&#8243; background_enable_color=&#8221;on&#8221; global_colors_info=&#8221;{}&#8221; toggle_text_color=&#8221;#FFFFFF&#8221; toggle_level=&#8221;h4&#8243; toggle_font=&#8221;|600|||||||&#8221; toggle_font_size=&#8221;20px&#8221; closed_toggle_font=&#8221;|600|||||||&#8221;]<\/p>\n<p><strong>Martin <\/strong>(48), is an experienced mountain biking enthusiast and leader of a team of MTB guides. With his years of riding experience, he combines a deep knowledge of the terrain with a calm and confident leadership style. His passion for the outdoors and adventure inspires those he guides and makes every ride not only a trip, but an unforgettable experience. The consummate group leader who can handle any problem.<\/p>\n<p>[\/et_pb_accordion_item][et_pb_accordion_item title=&#8221;Zuzka. The Flower.&#8221; closed_toggle_text_color=&#8221;#FFFFFF&#8221; toggle_icon=&#8221;&#x3f;||divi||400&#8243; _builder_version=&#8221;4.27.5&#8243; _module_preset=&#8221;default&#8221; body_font_size=&#8221;16px&#8221; global_colors_info=&#8221;{}&#8221; toggle_text_color=&#8221;#FFFFFF&#8221; toggle_level=&#8221;h4&#8243; toggle_font=&#8221;|600|||||||&#8221; toggle_font_size=&#8221;20px&#8221; closed_toggle_font=&#8221;|600|||||||&#8221; open=&#8221;off&#8221;]<\/p>\n<p style=\"text-align: left;\"><span><strong>Zuzka <\/strong>(38), is an experienced MTB guide, as the only woman in our team of guides, she can also accompany all-female groups who often wish to do so. Her experience and knowledge of the local area fits our party perfectly. Zuzka is an excellent XC rider, but she won&#8217;t get lost on singletrack either. Always in a good mood and with a smile on her face.<\/span><\/p>\n<p>[\/et_pb_accordion_item][et_pb_accordion_item title=&#8221;Matej. The Entertainer.&#8221; closed_toggle_text_color=&#8221;#FFFFFF&#8221; toggle_icon=&#8221;&#x3f;||divi||400&#8243; _builder_version=&#8221;4.27.5&#8243; _module_preset=&#8221;default&#8221; body_font_size=&#8221;16px&#8221; global_colors_info=&#8221;{}&#8221; toggle_text_color=&#8221;#FFFFFF&#8221; toggle_level=&#8221;h4&#8243; toggle_font=&#8221;|600|||||||&#8221; toggle_font_size=&#8221;20px&#8221; closed_toggle_font=&#8221;|600|||||||&#8221; open=&#8221;off&#8221;]<\/p>\n<p style=\"text-align: left;\"><span><strong>Matej <\/strong>(35), another member of our team, just like Martin and Zuzka, Matej also rode in Canada, where he gained a lot of experience. The combination of an experienced rider with an impeccable knowledge of local roads and singletrack makes him the ideal guide for your day trips. Whether you need your bike repaired or a recommendation for the best restaurant during your trip, Matej will be happy to help.<\/span><\/p>\n<p>[\/et_pb_accordion_item][et_pb_accordion_item title=&#8221;Jozef. The young blood.&#8221; closed_toggle_text_color=&#8221;#FFFFFF&#8221; toggle_icon=&#8221;&#x3f;||divi||400&#8243; _builder_version=&#8221;4.27.4&#8243; _module_preset=&#8221;default&#8221; body_font_size=&#8221;16px&#8221; global_colors_info=&#8221;{}&#8221; toggle_text_color=&#8221;#FFFFFF&#8221; toggle_level=&#8221;h4&#8243; toggle_font=&#8221;|600|||||||&#8221; toggle_font_size=&#8221;20px&#8221; closed_toggle_font=&#8221;|600|||||||&#8221; open=&#8221;off&#8221;]<\/p>\n<p style=\"text-align: left;\"><span><strong>Jozef <\/strong>(25), the youngest member of our team of guides. He started riding 10 years ago with the other members, acclimated quickly and brought in a new wind. He has discovered new routes that are suitable for your trips. In Joseph you will find an excellent guide who will take you to different corners of our region. Knowledge of bike servicing and a strong understanding of the terrain are his domains.\u00a0<\/span><\/p>\n<p style=\"text-align: left;\">[\/et_pb_accordion_item][\/et_pb_accordion][\/et_pb_column][\/et_pb_row][\/et_pb_section]<\/p>\n","protected":false},"excerpt":{"rendered":"<p>We are a travel agency with many years of experience, specializing in guided tours for cyclists \ud83d\udeb5\ud83c\udffc, mainly in the Spi\u0161 region, but also throughout Slovakia. We are located directly below the Tatra Mountains in Spi\u0161sk\u00e1 Bel\u00e1.We are providing the best services in the area. Do not hesitate to contact us! Looking forward to your [&hellip;]<\/p>\n","protected":false},"author":2,"featured_media":0,"parent":0,"menu_order":0,"comment_status":"closed","ping_status":"closed","template":"","meta":{"_et_pb_use_builder":"on","_et_pb_old_content":"","_et_gb_content_width":"","footnotes":""},"class_list":["post-85","page","type-page","status-publish","hentry"],"_links":{"self":[{"href":"http:\/\/www.mountainbiking.sk\/sk\/wp-json\/wp\/v2\/pages\/85","targetHints":{"allow":["GET"]}}],"collection":[{"href":"http:\/\/www.mountainbiking.sk\/sk\/wp-json\/wp\/v2\/pages"}],"about":[{"href":"http:\/\/www.mountainbiking.sk\/sk\/wp-json\/wp\/v2\/types\/page"}],"author":[{"embeddable":true,"href":"http:\/\/www.mountainbiking.sk\/sk\/wp-json\/wp\/v2\/users\/2"}],"replies":[{"embeddable":true,"href":"http:\/\/www.mountainbiking.sk\/sk\/wp-json\/wp\/v2\/comments?post=85"}],"version-history":[{"count":212,"href":"http:\/\/www.mountainbiking.sk\/sk\/wp-json\/wp\/v2\/pages\/85\/revisions"}],"predecessor-version":[{"id":1564,"href":"http:\/\/www.mountainbiking.sk\/sk\/wp-json\/wp\/v2\/pages\/85\/revisions\/1564"}],"wp:attachment":[{"href":"http:\/\/www.mountainbiking.sk\/sk\/wp-json\/wp\/v2\/media?parent=85"}],"curies":[{"name":"wp","href":"https:\/\/api.w.org\/{rel}","templated":true}]}}